{"id":1423,"date":"2024-07-25T10:53:29","date_gmt":"2024-07-25T08:53:29","guid":{"rendered":"https:\/\/www.criollo-chocolatier.com\/blog\/?page_id=1423"},"modified":"2024-09-13T18:31:14","modified_gmt":"2024-09-13T16:31:14","slug":"mentions-legales","status":"publish","type":"page","link":"https:\/\/www.criollo-chocolatier.com\/blog\/mentions-legales\/","title":{"rendered":"Mentions l\u00e9gales"},"content":{"rendered":"<style>.kb-row-layout-id2394_aa1830-ac > .kt-row-column-wrap{align-content:start;}:where(.kb-row-layout-id2394_aa1830-ac > .kt-row-column-wrap) > .wp-block-kadence-column{justify-content:start;}.kb-row-layout-id2394_aa1830-ac > .kt-row-column-wrap{column-gap:var(--global-kb-gap-md, 2rem);row-gap:var(--global-kb-gap-none, 0rem );padding-top:0px;padding-bottom:0px;grid-template-columns:minmax(0, 1fr);}.kb-row-layout-id2394_aa1830-ac > .kt-row-layout-overlay{opacity:0.30;}@media all and (max-width: 1024px){.kb-row-layout-id2394_aa1830-ac > .kt-row-column-wrap{row-gap:var(--global-kb-gap-none, 0rem );padding-top:0px;padding-right:0px;padding-bottom:0px;padding-left:0px;grid-template-columns:minmax(0, 1fr);}}@media all and (max-width: 767px){.kb-row-layout-id2394_aa1830-ac > .kt-row-column-wrap{row-gap:var(--global-kb-gap-none, 0rem );padding-top:0px;padding-right:0px;padding-bottom:0px;padding-left:0px;grid-template-columns:minmax(0, 1fr);}}<\/style><div class=\"kb-row-layout-wrap kb-row-layout-id2394_aa1830-ac alignnone wp-block-kadence-rowlayout\"><div class=\"kt-row-column-wrap kt-has-1-columns kt-row-layout-equal kt-tab-layout-inherit kt-mobile-layout-row kt-row-valign-top\">\n<style>.kadence-column2394_3dc3ed-2b > .kt-inside-inner-col{display:flex;}.kadence-column2394_3dc3ed-2b > .kt-inside-inner-col{padding-top:0px;padding-right:0px;padding-bottom:0px;padding-left:0px;}.kadence-column2394_3dc3ed-2b > .kt-inside-inner-col,.kadence-column2394_3dc3ed-2b > .kt-inside-inner-col:before{border-top-left-radius:0px;border-top-right-radius:0px;border-bottom-right-radius:0px;border-bottom-left-radius:0px;}.kadence-column2394_3dc3ed-2b > .kt-inside-inner-col{row-gap:var(--global-kb-gap-none, 0rem );column-gap:var(--global-kb-gap-sm, 1rem);}.kadence-column2394_3dc3ed-2b > .kt-inside-inner-col{flex-direction:column;}.kadence-column2394_3dc3ed-2b > .kt-inside-inner-col > .aligncenter{width:100%;}.kadence-column2394_3dc3ed-2b > .kt-inside-inner-col:before{opacity:0.3;}.kadence-column2394_3dc3ed-2b{position:relative;}@media all and (max-width: 1024px){.kadence-column2394_3dc3ed-2b > .kt-inside-inner-col{padding-top:0px;padding-right:0px;padding-bottom:0px;padding-left:0px;flex-direction:column;justify-content:center;}}@media all and (max-width: 767px){.kadence-column2394_3dc3ed-2b > .kt-inside-inner-col{padding-top:0px;padding-right:0px;padding-bottom:0px;padding-left:0px;flex-direction:column;justify-content:center;}}<\/style>\n<div class=\"wp-block-kadence-column kadence-column2394_3dc3ed-2b breadcrumb\"><div class=\"kt-inside-inner-col\"><span><span><a href=\"https:\/\/www.criollo-chocolatier.com\/blog\/\">Accueil<\/a><\/span><\/span>\n<\/div><\/div>\n\n<\/div><\/div>\n\n<style>.kb-row-layout-id1423_2719d8-fc > .kt-row-column-wrap{align-content:start;}:where(.kb-row-layout-id1423_2719d8-fc > .kt-row-column-wrap) > .wp-block-kadence-column{justify-content:start;}.kb-row-layout-id1423_2719d8-fc > .kt-row-column-wrap{column-gap:var(--global-kb-gap-md, 2rem);row-gap:var(--global-kb-gap-md, 2rem);max-width:var( --global-content-width, 1290px );padding-left:var(--global-content-edge-padding);padding-right:var(--global-content-edge-padding);padding-top:60px;padding-right:0px;padding-bottom:60px;padding-left:0px;grid-template-columns:minmax(0, calc(25% - ((var(--global-kb-gap-md, 2rem) * 1 )\/2)))minmax(0, calc(75% - ((var(--global-kb-gap-md, 2rem) * 1 )\/2)));}.kb-row-layout-id1423_2719d8-fc > .kt-row-layout-overlay{opacity:0.30;}@media all and (max-width: 1024px){.kb-row-layout-id1423_2719d8-fc > .kt-row-column-wrap{grid-template-columns:minmax(0, 1fr);}}@media all and (max-width: 767px){.kb-row-layout-id1423_2719d8-fc > .kt-row-column-wrap{grid-template-columns:minmax(0, 1fr);}}<\/style><div class=\"kb-row-layout-wrap kb-row-layout-id1423_2719d8-fc alignnone wp-block-kadence-rowlayout\"><div class=\"kt-row-column-wrap kt-has-2-columns kt-row-layout-right-golden kt-tab-layout-row kt-mobile-layout-row kt-row-valign-top kb-theme-content-width\">\n<style>.kadence-column1423_f87b36-d6 > .kt-inside-inner-col,.kadence-column1423_f87b36-d6 > .kt-inside-inner-col:before{border-top-left-radius:0px;border-top-right-radius:0px;border-bottom-right-radius:0px;border-bottom-left-radius:0px;}.kadence-column1423_f87b36-d6 > .kt-inside-inner-col{column-gap:var(--global-kb-gap-sm, 1rem);}.kadence-column1423_f87b36-d6 > .kt-inside-inner-col{flex-direction:column;}.kadence-column1423_f87b36-d6 > .kt-inside-inner-col > .aligncenter{width:100%;}.kadence-column1423_f87b36-d6 > .kt-inside-inner-col:before{opacity:0.3;}.kadence-column1423_f87b36-d6{position:relative;}@media all and (max-width: 1024px){.kadence-column1423_f87b36-d6 > .kt-inside-inner-col{flex-direction:column;justify-content:center;}}@media all and (max-width: 767px){.kadence-column1423_f87b36-d6 > .kt-inside-inner-col{flex-direction:column;justify-content:center;}}<\/style>\n<div class=\"wp-block-kadence-column kadence-column1423_f87b36-d6\"><div class=\"kt-inside-inner-col\"><style>.kb-row-layout-id1423_5f7eee-d2 > .kt-row-column-wrap{align-content:start;}:where(.kb-row-layout-id1423_5f7eee-d2 > .kt-row-column-wrap) > .wp-block-kadence-column{justify-content:start;}.kb-row-layout-id1423_5f7eee-d2 > .kt-row-column-wrap{column-gap:var(--global-kb-gap-md, 2rem);row-gap:var(--global-kb-gap-md, 2rem);padding-bottom:var(--global-kb-spacing-sm, 1.5rem);grid-template-columns:minmax(0, 1fr);}.kb-row-layout-id1423_5f7eee-d2 > .kt-row-layout-overlay{opacity:0.30;}@media all and (max-width: 1024px){.kb-row-layout-id1423_5f7eee-d2 > .kt-row-column-wrap{grid-template-columns:minmax(0, 1fr);}}@media all and (max-width: 767px){.kb-row-layout-id1423_5f7eee-d2 > .kt-row-column-wrap{grid-template-columns:minmax(0, 1fr);}}<\/style><div class=\"kb-row-layout-wrap kb-row-layout-id1423_5f7eee-d2 alignnone wp-block-kadence-rowlayout\"><div class=\"kt-row-column-wrap kt-has-2-columns kt-row-layout-row kt-tab-layout-inherit kt-mobile-layout-row kt-row-valign-top\">\n<style>.kadence-column1423_0055b2-04 > .kt-inside-inner-col,.kadence-column1423_0055b2-04 > .kt-inside-inner-col:before{border-top-left-radius:0px;border-top-right-radius:0px;border-bottom-right-radius:0px;border-bottom-left-radius:0px;}.kadence-column1423_0055b2-04 > .kt-inside-inner-col{column-gap:var(--global-kb-gap-sm, 1rem);}.kadence-column1423_0055b2-04 > .kt-inside-inner-col{flex-direction:column;}.kadence-column1423_0055b2-04 > .kt-inside-inner-col > .aligncenter{width:100%;}.kadence-column1423_0055b2-04 > .kt-inside-inner-col:before{opacity:0.3;}.kadence-column1423_0055b2-04{position:relative;}@media all and (max-width: 1024px){.kadence-column1423_0055b2-04 > .kt-inside-inner-col{flex-direction:column;justify-content:center;}}@media all and (max-width: 767px){.kadence-column1423_0055b2-04 > .kt-inside-inner-col{flex-direction:column;justify-content:center;}}<\/style>\n<div class=\"wp-block-kadence-column kadence-column1423_0055b2-04\"><div class=\"kt-inside-inner-col\">\n<h1 class=\"wp-block-heading\">Mentions l\u00e9gales<\/h1>\n<\/div><\/div>\n\n\n<style>.kadence-column1423_2f0d85-37 > .kt-inside-inner-col,.kadence-column1423_2f0d85-37 > .kt-inside-inner-col:before{border-top-left-radius:0px;border-top-right-radius:0px;border-bottom-right-radius:0px;border-bottom-left-radius:0px;}.kadence-column1423_2f0d85-37 > .kt-inside-inner-col{column-gap:var(--global-kb-gap-sm, 1rem);}.kadence-column1423_2f0d85-37 > .kt-inside-inner-col{flex-direction:column;}.kadence-column1423_2f0d85-37 > .kt-inside-inner-col > .aligncenter{width:100%;}.kadence-column1423_2f0d85-37 > .kt-inside-inner-col:before{opacity:0.3;}.kadence-column1423_2f0d85-37{position:relative;}@media all and (max-width: 1024px){.kadence-column1423_2f0d85-37 > .kt-inside-inner-col{flex-direction:column;justify-content:center;}}@media all and (max-width: 767px){.kadence-column1423_2f0d85-37 > .kt-inside-inner-col{flex-direction:column;justify-content:center;}}<\/style>\n<div class=\"wp-block-kadence-column kadence-column1423_2f0d85-37 kvs-md-false kvs-sm-false\"><div class=\"kt-inside-inner-col\"><style>.kb-image1423_f44a6e-55 .kb-image-has-overlay:after{opacity:0.3;}<\/style>\n<figure class=\"wp-block-kadence-image kb-image1423_f44a6e-55 size-full\"><img decoding=\"async\" width=\"280\" height=\"700\" src=\"https:\/\/www.criollo-chocolatier.com\/blog\/wp-content\/uploads\/2024\/07\/bienvenue.jpg\" alt=\"\" class=\"kb-img wp-image-1424\" srcset=\"https:\/\/www.criollo-chocolatier.com\/blog\/wp-content\/uploads\/2024\/07\/bienvenue.jpg 280w, https:\/\/www.criollo-chocolatier.com\/blog\/wp-content\/uploads\/2024\/07\/bienvenue-120x300.jpg 120w\" sizes=\"(max-width: 280px) 100vw, 280px\" \/><\/figure>\n<\/div><\/div>\n\n<\/div><\/div><\/div><\/div>\n\n\n<style>.kadence-column1423_dfef3a-f5 > .kt-inside-inner-col,.kadence-column1423_dfef3a-f5 > .kt-inside-inner-col:before{border-top-left-radius:0px;border-top-right-radius:0px;border-bottom-right-radius:0px;border-bottom-left-radius:0px;}.kadence-column1423_dfef3a-f5 > .kt-inside-inner-col{column-gap:var(--global-kb-gap-sm, 1rem);}.kadence-column1423_dfef3a-f5 > .kt-inside-inner-col{flex-direction:column;}.kadence-column1423_dfef3a-f5 > .kt-inside-inner-col > .aligncenter{width:100%;}.kadence-column1423_dfef3a-f5 > .kt-inside-inner-col:before{opacity:0.3;}.kadence-column1423_dfef3a-f5{position:relative;}@media all and (max-width: 1024px){.kadence-column1423_dfef3a-f5 > .kt-inside-inner-col{flex-direction:column;justify-content:center;}}@media all and (max-width: 767px){.kadence-column1423_dfef3a-f5 > .kt-inside-inner-col{flex-direction:column;justify-content:center;}}<\/style>\n<div class=\"wp-block-kadence-column kadence-column1423_dfef3a-f5\"><div class=\"kt-inside-inner-col\">\n<p class=\"has-text-color has-link-color wp-elements-3a2187b43ae550d38ac516f1c7b5075b\" style=\"color:#000000\">Derni\u00e8re mise \u00e0 jour : 28 Ao\u00fbt 1990<br><strong>EDITEUR DU SITE<\/strong><br>Le site\u00a0<a previewlistener=\"true\" href=\"https:\/\/www.criollo-chocolatier.com\/\">www.criollo-chocolatier.com<\/a>\u00a0est \u00e9dit\u00e9 par la soci\u00e9t\u00e9 CRIOLLO CHOCOLATIER, Soci\u00e9t\u00e9 par Actions Simplifi\u00e9es, inscrite au RCS Toulouse 443 464 375, dont le si\u00e8ge social est situ\u00e9 au 26 bis Avenue de Toulouse 31570 LANTA, dont le repr\u00e9sentant l\u00e9gal est Monsieur Jean DUJON LOMBARD , en qualit\u00e9 de G\u00e9rant.<br>Email\u00a0:\u00a0<a href=\"mailto:eboutique@criollo-chocolatier.com\">eboutique@criollo-chocolatier.com<\/a><br>T\u00e9l.\u00a0: 05.62.18.31.72<br>Son Directeur de publication est Monsieur Jean DUJON LOMBARD, en qualit\u00e9 de G\u00e9rant.<br><strong>HEBERGEUR DU SITE<\/strong><br><a previewlistener=\"true\" href=\"https:\/\/www.criollo-chocolatier.com\/\">www.criollo-chocolatier.com<\/a>\u00a0est h\u00e9berg\u00e9 par la soci\u00e9t\u00e9 ONLINE, Soci\u00e9t\u00e9 par Actions Simplifi\u00e9es au capital de 214 410,50 Euros, inscrite au RCS de Paris sous le N\u00b0433 115 904, dont le si\u00e8ge social est situ\u00e9\u00a08 rue de la Ville l\u2019Ev\u00eaque, 75008 Paris, France.<br><strong>CREDIT PHOTOS :<\/strong><br>&#8211; <a previewlistener=\"true\" href=\"https:\/\/www.pierrebeteille.com\/\">https:\/\/www.pierrebeteille.com\/<\/a><br>&#8211; Criollo Chocolatier<br><strong>REALISATION DU SITE :<\/strong><br>D\u00e9veloppement du Site :<br>&#8211; <a previewlistener=\"true\" href=\"https:\/\/www.emagma.fr\/\">https:\/\/www.emagma.fr\/<\/a><br>&#8211; Manum<br><strong>MISE A JOUR :<\/strong><br>L\u2019Editeur se r\u00e9serve le droit de mettre \u00e0 jour les pr\u00e9sentes mentions l\u00e9gales \u00e0 tout moment. L\u2019Editeur vous invite donc \u00e0 visiter cette page lors de chaque consultation du Site afin d&rsquo;en prendre connaissance.<\/p>\n<\/div><\/div>\n\n<\/div><\/div>","protected":false},"excerpt":{"rendered":"<p>Mentions l\u00e9gales Derni\u00e8re mise \u00e0 jour : 28 Ao\u00fbt 1990EDITEUR DU SITELe site\u00a0www.criollo-chocolatier.com\u00a0est \u00e9dit\u00e9 par la soci\u00e9t\u00e9 CRIOLLO CHOCOLATIER, Soci\u00e9t\u00e9 par Actions Simplifi\u00e9es, inscrite au RCS Toulouse 443 464 375, dont le si\u00e8ge social est situ\u00e9 au 26 bis Avenue de Toulouse 31570 LANTA, dont le repr\u00e9sentant l\u00e9gal est Monsieur Jean DUJON LOMBARD , en&#8230;<\/p>\n","protected":false},"author":1,"featured_media":0,"parent":0,"menu_order":0,"comment_status":"closed","ping_status":"closed","template":"","meta":{"_acf_changed":false,"_kad_blocks_custom_css":"","_kad_blocks_head_custom_js":"","_kad_blocks_body_custom_js":"","_kad_blocks_footer_custom_js":"","_kadence_starter_templates_imported_post":false,"_kad_post_transparent":"","_kad_post_title":"hide","_kad_post_layout":"","_kad_post_sidebar_id":"","_kad_post_content_style":"","_kad_post_vertical_padding":"default","_kad_post_feature":"","_kad_post_feature_position":"","_kad_post_header":false,"_kad_post_footer":false,"footnotes":""},"class_list":["post-1423","page","type-page","status-publish","hentry"],"acf":[],"yoast_head":"<!-- This site is optimized with the Yoast SEO plugin v25.6 - https:\/\/yoast.com\/wordpress\/plugins\/seo\/ -->\n<title>Mentions l\u00e9gales - Criollo Chocolatier - Le blog<\/title>\n<meta name=\"robots\" content=\"noindex, follow, max-snippet:-1, max-image-preview:large, max-video-preview:-1\" \/>\n<meta property=\"og:locale\" content=\"fr_FR\" \/>\n<meta property=\"og:type\" content=\"article\" \/>\n<meta property=\"og:title\" content=\"Mentions l\u00e9gales - Criollo Chocolatier - Le blog\" \/>\n<meta property=\"og:description\" content=\"Mentions l\u00e9gales Derni\u00e8re mise \u00e0 jour : 28 Ao\u00fbt 1990EDITEUR DU SITELe site\u00a0www.criollo-chocolatier.com\u00a0est \u00e9dit\u00e9 par la soci\u00e9t\u00e9 CRIOLLO CHOCOLATIER, Soci\u00e9t\u00e9 par Actions Simplifi\u00e9es, inscrite au RCS Toulouse 443 464 375, dont le si\u00e8ge social est situ\u00e9 au 26 bis Avenue de Toulouse 31570 LANTA, dont le repr\u00e9sentant l\u00e9gal est Monsieur Jean DUJON LOMBARD , en...\" \/>\n<meta property=\"og:url\" content=\"https:\/\/www.criollo-chocolatier.com\/blog\/mentions-legales\/\" \/>\n<meta property=\"og:site_name\" content=\"Criollo Chocolatier - Le blog\" \/>\n<meta property=\"article:modified_time\" content=\"2024-09-13T16:31:14+00:00\" \/>\n<meta property=\"og:image\" content=\"https:\/\/www.criollo-chocolatier.com\/blog\/wp-content\/uploads\/2024\/07\/bienvenue.jpg\" \/>\n<meta name=\"twitter:card\" content=\"summary_large_image\" \/>\n<meta name=\"twitter:label1\" content=\"Dur\u00e9e de lecture estim\u00e9e\" \/>\n\t<meta name=\"twitter:data1\" content=\"2 minutes\" \/>\n<script type=\"application\/ld+json\" class=\"yoast-schema-graph\">{\"@context\":\"https:\/\/schema.org\",\"@graph\":[{\"@type\":\"WebPage\",\"@id\":\"https:\/\/www.criollo-chocolatier.com\/blog\/mentions-legales\/\",\"url\":\"https:\/\/www.criollo-chocolatier.com\/blog\/mentions-legales\/\",\"name\":\"Mentions l\u00e9gales - Criollo Chocolatier - Le blog\",\"isPartOf\":{\"@id\":\"https:\/\/www.criollo-chocolatier.com\/blog\/#website\"},\"primaryImageOfPage\":{\"@id\":\"https:\/\/www.criollo-chocolatier.com\/blog\/mentions-legales\/#primaryimage\"},\"image\":{\"@id\":\"https:\/\/www.criollo-chocolatier.com\/blog\/mentions-legales\/#primaryimage\"},\"thumbnailUrl\":\"https:\/\/www.criollo-chocolatier.com\/blog\/wp-content\/uploads\/2024\/07\/bienvenue.jpg\",\"datePublished\":\"2024-07-25T08:53:29+00:00\",\"dateModified\":\"2024-09-13T16:31:14+00:00\",\"breadcrumb\":{\"@id\":\"https:\/\/www.criollo-chocolatier.com\/blog\/mentions-legales\/#breadcrumb\"},\"inLanguage\":\"fr-FR\",\"potentialAction\":[{\"@type\":\"ReadAction\",\"target\":[\"https:\/\/www.criollo-chocolatier.com\/blog\/mentions-legales\/\"]}]},{\"@type\":\"ImageObject\",\"inLanguage\":\"fr-FR\",\"@id\":\"https:\/\/www.criollo-chocolatier.com\/blog\/mentions-legales\/#primaryimage\",\"url\":\"https:\/\/www.criollo-chocolatier.com\/blog\/wp-content\/uploads\/2024\/07\/bienvenue.jpg\",\"contentUrl\":\"https:\/\/www.criollo-chocolatier.com\/blog\/wp-content\/uploads\/2024\/07\/bienvenue.jpg\",\"width\":280,\"height\":700},{\"@type\":\"BreadcrumbList\",\"@id\":\"https:\/\/www.criollo-chocolatier.com\/blog\/mentions-legales\/#breadcrumb\",\"itemListElement\":[{\"@type\":\"ListItem\",\"position\":1,\"name\":\"Accueil\",\"item\":\"https:\/\/www.criollo-chocolatier.com\/blog\/\"},{\"@type\":\"ListItem\",\"position\":2,\"name\":\"Mentions l\u00e9gales\"}]},{\"@type\":\"WebSite\",\"@id\":\"https:\/\/www.criollo-chocolatier.com\/blog\/#website\",\"url\":\"https:\/\/www.criollo-chocolatier.com\/blog\/\",\"name\":\"Criollo Chocolatier - Le blog\",\"description\":\"\",\"publisher\":{\"@id\":\"https:\/\/www.criollo-chocolatier.com\/blog\/#organization\"},\"potentialAction\":[{\"@type\":\"SearchAction\",\"target\":{\"@type\":\"EntryPoint\",\"urlTemplate\":\"https:\/\/www.criollo-chocolatier.com\/blog\/?s={search_term_string}\"},\"query-input\":{\"@type\":\"PropertyValueSpecification\",\"valueRequired\":true,\"valueName\":\"search_term_string\"}}],\"inLanguage\":\"fr-FR\"},{\"@type\":\"Organization\",\"@id\":\"https:\/\/www.criollo-chocolatier.com\/blog\/#organization\",\"name\":\"Criollo Chocolatier - Le blog\",\"url\":\"https:\/\/www.criollo-chocolatier.com\/blog\/\",\"logo\":{\"@type\":\"ImageObject\",\"inLanguage\":\"fr-FR\",\"@id\":\"https:\/\/www.criollo-chocolatier.com\/blog\/#\/schema\/logo\/image\/\",\"url\":\"https:\/\/www.criollo-chocolatier.com\/blog\/wp-content\/uploads\/2024\/05\/criollo2022-svg.svg\",\"contentUrl\":\"https:\/\/www.criollo-chocolatier.com\/blog\/wp-content\/uploads\/2024\/05\/criollo2022-svg.svg\",\"width\":851,\"height\":549,\"caption\":\"Criollo Chocolatier - Le blog\"},\"image\":{\"@id\":\"https:\/\/www.criollo-chocolatier.com\/blog\/#\/schema\/logo\/image\/\"}}]}<\/script>\n<!-- \/ Yoast SEO plugin. -->","yoast_head_json":{"title":"Mentions l\u00e9gales - Criollo Chocolatier - Le blog","robots":{"index":"noindex","follow":"follow","max-snippet":"max-snippet:-1","max-image-preview":"max-image-preview:large","max-video-preview":"max-video-preview:-1"},"og_locale":"fr_FR","og_type":"article","og_title":"Mentions l\u00e9gales - Criollo Chocolatier - Le blog","og_description":"Mentions l\u00e9gales Derni\u00e8re mise \u00e0 jour : 28 Ao\u00fbt 1990EDITEUR DU SITELe site\u00a0www.criollo-chocolatier.com\u00a0est \u00e9dit\u00e9 par la soci\u00e9t\u00e9 CRIOLLO CHOCOLATIER, Soci\u00e9t\u00e9 par Actions Simplifi\u00e9es, inscrite au RCS Toulouse 443 464 375, dont le si\u00e8ge social est situ\u00e9 au 26 bis Avenue de Toulouse 31570 LANTA, dont le repr\u00e9sentant l\u00e9gal est Monsieur Jean DUJON LOMBARD , en...","og_url":"https:\/\/www.criollo-chocolatier.com\/blog\/mentions-legales\/","og_site_name":"Criollo Chocolatier - Le blog","article_modified_time":"2024-09-13T16:31:14+00:00","og_image":[{"url":"https:\/\/www.criollo-chocolatier.com\/blog\/wp-content\/uploads\/2024\/07\/bienvenue.jpg","type":"","width":"","height":""}],"twitter_card":"summary_large_image","twitter_misc":{"Dur\u00e9e de lecture estim\u00e9e":"2 minutes"},"schema":{"@context":"https:\/\/schema.org","@graph":[{"@type":"WebPage","@id":"https:\/\/www.criollo-chocolatier.com\/blog\/mentions-legales\/","url":"https:\/\/www.criollo-chocolatier.com\/blog\/mentions-legales\/","name":"Mentions l\u00e9gales - Criollo Chocolatier - Le blog","isPartOf":{"@id":"https:\/\/www.criollo-chocolatier.com\/blog\/#website"},"primaryImageOfPage":{"@id":"https:\/\/www.criollo-chocolatier.com\/blog\/mentions-legales\/#primaryimage"},"image":{"@id":"https:\/\/www.criollo-chocolatier.com\/blog\/mentions-legales\/#primaryimage"},"thumbnailUrl":"https:\/\/www.criollo-chocolatier.com\/blog\/wp-content\/uploads\/2024\/07\/bienvenue.jpg","datePublished":"2024-07-25T08:53:29+00:00","dateModified":"2024-09-13T16:31:14+00:00","breadcrumb":{"@id":"https:\/\/www.criollo-chocolatier.com\/blog\/mentions-legales\/#breadcrumb"},"inLanguage":"fr-FR","potentialAction":[{"@type":"ReadAction","target":["https:\/\/www.criollo-chocolatier.com\/blog\/mentions-legales\/"]}]},{"@type":"ImageObject","inLanguage":"fr-FR","@id":"https:\/\/www.criollo-chocolatier.com\/blog\/mentions-legales\/#primaryimage","url":"https:\/\/www.criollo-chocolatier.com\/blog\/wp-content\/uploads\/2024\/07\/bienvenue.jpg","contentUrl":"https:\/\/www.criollo-chocolatier.com\/blog\/wp-content\/uploads\/2024\/07\/bienvenue.jpg","width":280,"height":700},{"@type":"BreadcrumbList","@id":"https:\/\/www.criollo-chocolatier.com\/blog\/mentions-legales\/#breadcrumb","itemListElement":[{"@type":"ListItem","position":1,"name":"Accueil","item":"https:\/\/www.criollo-chocolatier.com\/blog\/"},{"@type":"ListItem","position":2,"name":"Mentions l\u00e9gales"}]},{"@type":"WebSite","@id":"https:\/\/www.criollo-chocolatier.com\/blog\/#website","url":"https:\/\/www.criollo-chocolatier.com\/blog\/","name":"Criollo Chocolatier - Le blog","description":"","publisher":{"@id":"https:\/\/www.criollo-chocolatier.com\/blog\/#organization"},"potentialAction":[{"@type":"SearchAction","target":{"@type":"EntryPoint","urlTemplate":"https:\/\/www.criollo-chocolatier.com\/blog\/?s={search_term_string}"},"query-input":{"@type":"PropertyValueSpecification","valueRequired":true,"valueName":"search_term_string"}}],"inLanguage":"fr-FR"},{"@type":"Organization","@id":"https:\/\/www.criollo-chocolatier.com\/blog\/#organization","name":"Criollo Chocolatier - Le blog","url":"https:\/\/www.criollo-chocolatier.com\/blog\/","logo":{"@type":"ImageObject","inLanguage":"fr-FR","@id":"https:\/\/www.criollo-chocolatier.com\/blog\/#\/schema\/logo\/image\/","url":"https:\/\/www.criollo-chocolatier.com\/blog\/wp-content\/uploads\/2024\/05\/criollo2022-svg.svg","contentUrl":"https:\/\/www.criollo-chocolatier.com\/blog\/wp-content\/uploads\/2024\/05\/criollo2022-svg.svg","width":851,"height":549,"caption":"Criollo Chocolatier - Le blog"},"image":{"@id":"https:\/\/www.criollo-chocolatier.com\/blog\/#\/schema\/logo\/image\/"}}]}},"taxonomy_info":[],"featured_image_src_large":false,"author_info":{"display_name":"EMAGMA","author_link":"https:\/\/www.criollo-chocolatier.com\/blog\/author\/emagma\/"},"comment_info":0,"_links":{"self":[{"href":"https:\/\/www.criollo-chocolatier.com\/blog\/wp-json\/wp\/v2\/pages\/1423"}],"collection":[{"href":"https:\/\/www.criollo-chocolatier.com\/blog\/wp-json\/wp\/v2\/pages"}],"about":[{"href":"https:\/\/www.criollo-chocolatier.com\/blog\/wp-json\/wp\/v2\/types\/page"}],"author":[{"embeddable":true,"href":"https:\/\/www.criollo-chocolatier.com\/blog\/wp-json\/wp\/v2\/users\/1"}],"replies":[{"embeddable":true,"href":"https:\/\/www.criollo-chocolatier.com\/blog\/wp-json\/wp\/v2\/comments?post=1423"}],"version-history":[{"count":7,"href":"https:\/\/www.criollo-chocolatier.com\/blog\/wp-json\/wp\/v2\/pages\/1423\/revisions"}],"predecessor-version":[{"id":2693,"href":"https:\/\/www.criollo-chocolatier.com\/blog\/wp-json\/wp\/v2\/pages\/1423\/revisions\/2693"}],"wp:attachment":[{"href":"https:\/\/www.criollo-chocolatier.com\/blog\/wp-json\/wp\/v2\/media?parent=1423"}],"curies":[{"name":"wp","href":"https:\/\/api.w.org\/{rel}","templated":true}]}}